{"id":247,"date":"2016-12-23T14:12:51","date_gmt":"2016-12-23T13:12:51","guid":{"rendered":"http:\/\/gs-wallersheim.de\/wordpress\/?page_id=247"},"modified":"2016-12-23T14:12:51","modified_gmt":"2016-12-23T13:12:51","slug":"foerderverein","status":"publish","type":"page","link":"https:\/\/gs-wallersheim.de\/wordpress\/eltern-2\/foerderverein\/","title":{"rendered":"F\u00f6rderverein"},"content":{"rendered":"<p>Vor&nbsp;mehr als&nbsp;15 Jahren&nbsp;wurde von engagierten Eltern der&nbsp;F\u00f6rderverein der Grundschule Koblenz &#8211; Wallersheim gegr\u00fcndet.<\/p>\n<p>Ziel des F\u00f6rdervereins ist es, die&nbsp;Grundschule&nbsp;finanziell zu unterst\u00fctzen und so Anschaffungen zu erm\u00f6glichen, die&nbsp;durch den laufenden Schuletat nicht m\u00f6glich w\u00e4ren. Eine gut ausgestattete Schule nutzt nicht nur den Sch\u00fclern, sondern wirkt sich positiv auf den gesamten Stadtteil aus.<img loading=\"lazy\" decoding=\"async\" class=\"alignright\" src=\"http:\/\/gs-wallersheim.de\/media\/schildi.gif\" alt=\"\" width=\"300\" height=\"199\" data-cke-saved-src=\"http:\/\/gs-wallersheim.de\/media\/schildi.gif\"><\/p>\n<p>Die daf\u00fcr notwendigen Geldmittel werden aus Mitgliedsbeitr\u00e4gen, Spenden und \u00dcbersch\u00fcssen von den Schulveranstaltungen gewonnen.<\/p>\n<p>Die gesamte Schulgemeinschaft dankt den Mitgliedern und den vielen aktiven, engagierten Mitarbeitern des F\u00f6rdervereins.<\/p>\n<p>Wir w\u00fcrden uns freuen, wenn auch Sie den F\u00f6rderverein durch Ihre Mitgliedschaft unterst\u00fctzen w\u00fcrden. Hier k\u00f6nnen Sie das Antragsformular downloaden oder auch die Bankverbindung f\u00fcr eine &#8222;Spende&#8220; anfordern. Falls Sie eine Spendenquittung w\u00fcnschen, eine E-Mail gen\u00fcgt.<\/p>\n<p>Vielen Dank!<\/p>\n","protected":false},"excerpt":{"rendered":"<p>Vor&nbsp;mehr als&nbsp;15 Jahren&nbsp;wurde von engagierten Eltern der&nbsp;F\u00f6rderverein der Grundschule Koblenz &#8211; Wallersheim gegr\u00fcndet. Ziel des F\u00f6rdervereins ist es, die&nbsp;Grundschule&nbsp;finanziell zu<\/p>\n","protected":false},"author":1,"featured_media":0,"parent":245,"menu_order":0,"comment_status":"closed","ping_status":"closed","template":"","meta":{"ngg_post_thumbnail":0,"footnotes":""},"class_list":["post-247","page","type-page","status-publish","hentry"],"jetpack_sharing_enabled":true,"_links":{"self":[{"href":"https:\/\/gs-wallersheim.de\/wordpress\/wp-json\/wp\/v2\/pages\/247","targetHints":{"allow":["GET"]}}],"collection":[{"href":"https:\/\/gs-wallersheim.de\/wordpress\/wp-json\/wp\/v2\/pages"}],"about":[{"href":"https:\/\/gs-wallersheim.de\/wordpress\/wp-json\/wp\/v2\/types\/page"}],"author":[{"embeddable":true,"href":"https:\/\/gs-wallersheim.de\/wordpress\/wp-json\/wp\/v2\/users\/1"}],"replies":[{"embeddable":true,"href":"https:\/\/gs-wallersheim.de\/wordpress\/wp-json\/wp\/v2\/comments?post=247"}],"version-history":[{"count":1,"href":"https:\/\/gs-wallersheim.de\/wordpress\/wp-json\/wp\/v2\/pages\/247\/revisions"}],"predecessor-version":[{"id":248,"href":"https:\/\/gs-wallersheim.de\/wordpress\/wp-json\/wp\/v2\/pages\/247\/revisions\/248"}],"up":[{"embeddable":true,"href":"https:\/\/gs-wallersheim.de\/wordpress\/wp-json\/wp\/v2\/pages\/245"}],"wp:attachment":[{"href":"https:\/\/gs-wallersheim.de\/wordpress\/wp-json\/wp\/v2\/media?parent=247"}],"curies":[{"name":"wp","href":"https:\/\/api.w.org\/{rel}","templated":true}]}}