{"id":11,"date":"2016-12-21T17:06:52","date_gmt":"2016-12-21T16:06:52","guid":{"rendered":"http:\/\/gs-wallersheim.de\/wordpress\/?page_id=11"},"modified":"2022-07-07T13:07:52","modified_gmt":"2022-07-07T11:07:52","slug":"ein-startseiten-abschnitt","status":"publish","type":"page","link":"https:\/\/gs-wallersheim.de\/wordpress\/ein-startseiten-abschnitt\/","title":{"rendered":"\u00dcber uns"},"content":{"rendered":"<p>Die Grundschule Koblenz \u2013 Wallersheim ist eine zweiz\u00fcgige Grundschule.<\/p>\n<p>Unsere Schule besteht aus zwei Geb\u00e4udekomplexen: Einem Altbau und einem Neubau.<\/p>\n<p>156 Kinder gehen zur Zeit in unsere Schule. Sie werden von 13<\/p>\n<p>LehrerInnen unterrichtet und betreut. Unser Wahrzeichen ist die Schildkr\u00f6te. Auf unserem Schulhof haben wir eine riesige Basaltschildkr\u00f6te zum Klettern und Reiten. Unsere alte Schuluhr und die gro\u00dfen Kastanienb\u00e4ume sind sehenswert.<\/p>\n<table class=\" cke_show_border\" border=\"0\">\n<tbody>\n<tr>\n<td width=\"380\"><img loading=\"lazy\" decoding=\"async\" src=\"http:\/\/gs-wallersheim.de\/media\/IMG_0442.jpg\" alt=\"Schulgeb\u00e4ude nach Renovierung 2010\" width=\"380\" height=\"290\" data-cke-saved-src=\"http:\/\/gs-wallersheim.de\/media\/IMG_0442.jpg\"><\/td>\n<td width=\"180\"><img loading=\"lazy\" decoding=\"async\" src=\"http:\/\/gs-wallersheim.de\/media\/schildi.gif\" alt=\"Logo\" width=\"180\" height=\"123\" data-cke-saved-src=\"http:\/\/gs-wallersheim.de\/media\/schildi.gif\"><\/td>\n<\/tr>\n<tr>\n<td width=\"380\"><img loading=\"lazy\" decoding=\"async\" src=\"http:\/\/gs-wallersheim.de\/media\/DSC_0031.jpg\" alt=\"Schuluhr\" width=\"380\" height=\"256\" data-cke-saved-src=\"http:\/\/gs-wallersheim.de\/media\/DSC_0031.jpg\"><\/td>\n<td width=\"180\">&nbsp;<\/td>\n<\/tr>\n<\/tbody>\n<\/table>\n","protected":false},"excerpt":{"rendered":"<p>Die Grundschule Koblenz \u2013 Wallersheim ist eine zweiz\u00fcgige Grundschule. Unsere Schule besteht aus zwei Geb\u00e4udekomplexen: Einem Altbau und einem Neubau.<\/p>\n","protected":false},"author":1,"featured_media":0,"parent":0,"menu_order":0,"comment_status":"closed","ping_status":"closed","template":"","meta":{"ngg_post_thumbnail":0,"footnotes":""},"class_list":["post-11","page","type-page","status-publish","hentry"],"jetpack_sharing_enabled":true,"_links":{"self":[{"href":"https:\/\/gs-wallersheim.de\/wordpress\/wp-json\/wp\/v2\/pages\/11","targetHints":{"allow":["GET"]}}],"collection":[{"href":"https:\/\/gs-wallersheim.de\/wordpress\/wp-json\/wp\/v2\/pages"}],"about":[{"href":"https:\/\/gs-wallersheim.de\/wordpress\/wp-json\/wp\/v2\/types\/page"}],"author":[{"embeddable":true,"href":"https:\/\/gs-wallersheim.de\/wordpress\/wp-json\/wp\/v2\/users\/1"}],"replies":[{"embeddable":true,"href":"https:\/\/gs-wallersheim.de\/wordpress\/wp-json\/wp\/v2\/comments?post=11"}],"version-history":[{"count":5,"href":"https:\/\/gs-wallersheim.de\/wordpress\/wp-json\/wp\/v2\/pages\/11\/revisions"}],"predecessor-version":[{"id":1350,"href":"https:\/\/gs-wallersheim.de\/wordpress\/wp-json\/wp\/v2\/pages\/11\/revisions\/1350"}],"wp:attachment":[{"href":"https:\/\/gs-wallersheim.de\/wordpress\/wp-json\/wp\/v2\/media?parent=11"}],"curies":[{"name":"wp","href":"https:\/\/api.w.org\/{rel}","templated":true}]}}